{"id":235,"date":"2010-09-15T08:21:10","date_gmt":"2010-09-15T06:21:10","guid":{"rendered":"http:\/\/elegantthemes.com\/preview\/DeepFocus\/?page_id=235"},"modified":"2020-05-30T11:49:04","modified_gmt":"2020-05-30T09:49:04","slug":"what-i-do","status":"publish","type":"page","link":"https:\/\/www.torcenter-sachsen.de\/?page_id=235","title":{"rendered":"Profil"},"content":{"rendered":"<p><a href=\"https:\/\/www.torcenter-sachsen.de\/wp-content\/uploads\/2013\/04\/Fotolia_33898152_XS.jpg\"><img loading=\"lazy\" decoding=\"async\" class=\"alignleft size-medium wp-image-845\" src=\"https:\/\/www.torcenter-sachsen.de\/wp-content\/uploads\/2013\/04\/Fotolia_33898152_XS-300x199.jpg\" alt=\"GArage\" width=\"300\" height=\"199\" srcset=\"https:\/\/www.torcenter-sachsen.de\/wp-content\/uploads\/2013\/04\/Fotolia_33898152_XS-300x199.jpg 300w, https:\/\/www.torcenter-sachsen.de\/wp-content\/uploads\/2013\/04\/Fotolia_33898152_XS-330x220.jpg 330w, https:\/\/www.torcenter-sachsen.de\/wp-content\/uploads\/2013\/04\/Fotolia_33898152_XS-207x136.jpg 207w, https:\/\/www.torcenter-sachsen.de\/wp-content\/uploads\/2013\/04\/Fotolia_33898152_XS-140x94.jpg 140w, https:\/\/www.torcenter-sachsen.de\/wp-content\/uploads\/2013\/04\/Fotolia_33898152_XS.jpg 425w\" sizes=\"auto, (max-width: 300px) 100vw, 300px\" \/><\/a>Das Torcenter Sachsen besteht seit 1995.<br \/>\nWir besch\u00e4ftigen uns mit der Planung, dem Vertrieb und der Montage von Sektionaltoren f\u00fcr Privat und Gewerbe, Hoftor- und Zaunanlagen, Torantriebs- und Schrankensystemen.<\/p>\n<p>Nat\u00fcrlich werden von uns auch Wartungsarbeiten an diesen Anlagen durchgef\u00fchrt.<\/p>\n<p>Unser Aktionsgebiet umfasst, unterst\u00fctzt durch ein weitl\u00e4ufiges H\u00e4ndlernetz, ganz Deutschland. Das Hauptaugenmerk liegt aber nach wie vor in unserer Heimat, Sachsen, Sachsen-Anhalt, Th\u00fcringen, Brandenburg und Berlin.<\/p>\n<p>Bei den von uns vertriebenen Produkten, egal ob es sich um Toranlagen oder Antriebstechnik handelt, legen wir besonderen Wert auf hohe Zuverl\u00e4ssigkeit und Qualit\u00e4t.<\/p>\n<p>Dabei spielt nat\u00fcrlich auch das Design eine wichtige Rolle.<\/p>\n<p>Die Marke <em><strong>Gutto<\/strong>mat\u00ae<\/em>, welche das Torcenter Sachsen vertritt, spiegelt die gr\u00f6\u00dfte Modellvielfalt Europas an Decken- und Seitensektionaltoren wider.<br \/>\nDamit ist das Torcenter Sachsen in der Lage, vom preiswerten Deckensektionaltor bis hin zum exclusiven Aluminiumtor, mit individuellem Design, alle Bereiche abzudecken.<\/p>\n<p>Egal ob Einzel- oder Doppelgarage, Stahl- oder Aluminiumtor, handbet\u00e4tigt oder mit elektrischem Komfortantrieb<\/p>\n<p><strong>Wir haben das spezielle Tor f\u00fcr Sie!<\/strong><\/p>\n<p>Ihr Torcenter Sachsen<br \/>\nFa. Norbert Kleinpa\u00df<\/p>\n","protected":false},"excerpt":{"rendered":"<p>Das Torcenter Sachsen besteht seit 1995. Wir besch\u00e4ftigen uns mit der Planung, dem Vertrieb und der Montage von Sektionaltoren f\u00fcr Privat und Gewerbe, Hoftor- und Zaunanlagen, Torantriebs- und Schrankensystemen. Nat\u00fcrlich werden von uns auch Wartungsarbeiten an diesen Anlagen durchgef\u00fchrt. Unser Aktionsgebiet umfasst, unterst\u00fctzt durch ein weitl\u00e4ufiges H\u00e4ndlernetz, ganz Deutschland. Das Hauptaugenmerk liegt aber nach wie [&hellip;]<\/p>\n","protected":false},"author":1,"featured_media":846,"parent":0,"menu_order":20,"comment_status":"open","ping_status":"closed","template":"","meta":{"ngg_post_thumbnail":0,"footnotes":""},"class_list":["post-235","page","type-page","status-publish","has-post-thumbnail","hentry"],"_links":{"self":[{"href":"https:\/\/www.torcenter-sachsen.de\/index.php?rest_route=\/wp\/v2\/pages\/235","targetHints":{"allow":["GET"]}}],"collection":[{"href":"https:\/\/www.torcenter-sachsen.de\/index.php?rest_route=\/wp\/v2\/pages"}],"about":[{"href":"https:\/\/www.torcenter-sachsen.de\/index.php?rest_route=\/wp\/v2\/types\/page"}],"author":[{"embeddable":true,"href":"https:\/\/www.torcenter-sachsen.de\/index.php?rest_route=\/wp\/v2\/users\/1"}],"replies":[{"embeddable":true,"href":"https:\/\/www.torcenter-sachsen.de\/index.php?rest_route=%2Fwp%2Fv2%2Fcomments&post=235"}],"version-history":[{"count":17,"href":"https:\/\/www.torcenter-sachsen.de\/index.php?rest_route=\/wp\/v2\/pages\/235\/revisions"}],"predecessor-version":[{"id":1221,"href":"https:\/\/www.torcenter-sachsen.de\/index.php?rest_route=\/wp\/v2\/pages\/235\/revisions\/1221"}],"wp:featuredmedia":[{"embeddable":true,"href":"https:\/\/www.torcenter-sachsen.de\/index.php?rest_route=\/wp\/v2\/media\/846"}],"wp:attachment":[{"href":"https:\/\/www.torcenter-sachsen.de\/index.php?rest_route=%2Fwp%2Fv2%2Fmedia&parent=235"}],"curies":[{"name":"wp","href":"https:\/\/api.w.org\/{rel}","templated":true}]}}