{"id":866,"date":"2013-04-05T22:03:50","date_gmt":"2013-04-05T20:03:50","guid":{"rendered":"http:\/\/neu2013.torcenter-sachsen.de\/?page_id=866"},"modified":"2015-01-27T08:54:28","modified_gmt":"2015-01-27T06:54:28","slug":"seitensektionaltor-avalon","status":"publish","type":"page","link":"https:\/\/www.torcenter-sachsen.de\/?page_id=866","title":{"rendered":"Seitensektionaltor &#8211; Avalon"},"content":{"rendered":"<p><img loading=\"lazy\" decoding=\"async\" class=\"alignleft size-full wp-image-1106\" src=\"https:\/\/www.torcenter-sachsen.de\/wp-content\/uploads\/2013\/04\/logo_avalon.png\" alt=\"logo_avalon\" width=\"240\" height=\"241\" srcset=\"https:\/\/www.torcenter-sachsen.de\/wp-content\/uploads\/2013\/04\/logo_avalon.png 240w, https:\/\/www.torcenter-sachsen.de\/wp-content\/uploads\/2013\/04\/logo_avalon-150x150.png 150w, https:\/\/www.torcenter-sachsen.de\/wp-content\/uploads\/2013\/04\/logo_avalon-185x185.png 185w, https:\/\/www.torcenter-sachsen.de\/wp-content\/uploads\/2013\/04\/logo_avalon-164x164.png 164w, https:\/\/www.torcenter-sachsen.de\/wp-content\/uploads\/2013\/04\/logo_avalon-72x72.png 72w, https:\/\/www.torcenter-sachsen.de\/wp-content\/uploads\/2013\/04\/logo_avalon-184x184.png 184w\" sizes=\"auto, (max-width: 240px) 100vw, 240px\" \/>Mit dem\u00a0neuen Seitensektionaltor <strong>Ava<\/strong><em>lon<\/em> pr\u00e4sentieren wir Ihnen ein\u00a0weiteres Produkt aus dem Hause Gutto<em>mat\u00ae.<\/em><\/p>\n<p>Das\u00a0Tor\u00a0ist eine Weiterentwicklung der bew\u00e4hrten <strong>Gutto<\/strong><em>mat\u00ae <\/em>Seitensektionaltore.\u00a0Seine Leichtg\u00e4ngigkeit und Laufruhe sind bemerkenswert.\u00a0Das 40 mm starke und FCKW-fei ausgesch\u00e4umte Torblatt gew\u00e4hrleistet eine hohe Stabilit\u00e4t, sowie einen hohen W\u00e4rme- und Schalld\u00e4mmwert.<\/p>\n<p>Als besondere Neuerungen sind die untere Abdichtung und\u00a0neue, ver\u00e4nderte Einlaufprofile\u00a0sowie eine extrem komfortable Bodenf\u00fchrung des Tores.\u00a0Die untere F\u00fchrung wird mittels auf den Fu\u00dfboden aufgeschraubter F\u00fchrungskl\u00f6tzer realisiert. Dabei verzichten wir komplett auf ein st\u00f6rende\u00a0F\u00fchrungs\u00f6ffnung im Boden. Abgedichtet wird das Tor im unteren Bereich mit einen doppelten, verstellbaren\u00a0B\u00fcrstendichtung.\u00a0Auch bei der oberen Toraufh\u00e4ngung wurde ein neues, verstellbares Sytem verwendet. Mit dem <strong>Ava<\/strong><em>lon <\/em>sind im Bereich Seitensektionaltore neue Ma\u00dfst\u00e4be gesetzt.<\/p>\n<p>Bei Interesse senden wir Ihnen gern weiter Informationen oder Prospekte per Post zu.<\/p>\n<p><strong>ngg_shortcode_0_placeholder<\/strong><\/p>\n","protected":false},"excerpt":{"rendered":"<p>Mit dem\u00a0neuen Seitensektionaltor Avalon pr\u00e4sentieren wir Ihnen ein\u00a0weiteres Produkt aus dem Hause Guttomat\u00ae. Das\u00a0Tor\u00a0ist eine Weiterentwicklung der bew\u00e4hrten Guttomat\u00ae Seitensektionaltore.\u00a0Seine Leichtg\u00e4ngigkeit und Laufruhe sind bemerkenswert.\u00a0Das 40 mm starke und FCKW-fei ausgesch\u00e4umte Torblatt gew\u00e4hrleistet eine hohe Stabilit\u00e4t, sowie einen hohen W\u00e4rme- und Schalld\u00e4mmwert. Als besondere Neuerungen sind die untere Abdichtung und\u00a0neue, ver\u00e4nderte Einlaufprofile\u00a0sowie eine extrem komfortable [&hellip;]<\/p>\n","protected":false},"author":1,"featured_media":1018,"parent":0,"menu_order":30,"comment_status":"open","ping_status":"closed","template":"","meta":{"ngg_post_thumbnail":0,"footnotes":""},"class_list":["post-866","page","type-page","status-publish","has-post-thumbnail","hentry"],"_links":{"self":[{"href":"https:\/\/www.torcenter-sachsen.de\/index.php?rest_route=\/wp\/v2\/pages\/866","targetHints":{"allow":["GET"]}}],"collection":[{"href":"https:\/\/www.torcenter-sachsen.de\/index.php?rest_route=\/wp\/v2\/pages"}],"about":[{"href":"https:\/\/www.torcenter-sachsen.de\/index.php?rest_route=\/wp\/v2\/types\/page"}],"author":[{"embeddable":true,"href":"https:\/\/www.torcenter-sachsen.de\/index.php?rest_route=\/wp\/v2\/users\/1"}],"replies":[{"embeddable":true,"href":"https:\/\/www.torcenter-sachsen.de\/index.php?rest_route=%2Fwp%2Fv2%2Fcomments&post=866"}],"version-history":[{"count":12,"href":"https:\/\/www.torcenter-sachsen.de\/index.php?rest_route=\/wp\/v2\/pages\/866\/revisions"}],"predecessor-version":[{"id":1126,"href":"https:\/\/www.torcenter-sachsen.de\/index.php?rest_route=\/wp\/v2\/pages\/866\/revisions\/1126"}],"wp:featuredmedia":[{"embeddable":true,"href":"https:\/\/www.torcenter-sachsen.de\/index.php?rest_route=\/wp\/v2\/media\/1018"}],"wp:attachment":[{"href":"https:\/\/www.torcenter-sachsen.de\/index.php?rest_route=%2Fwp%2Fv2%2Fmedia&parent=866"}],"curies":[{"name":"wp","href":"https:\/\/api.w.org\/{rel}","templated":true}]}}