{"id":873,"date":"2013-04-05T22:05:12","date_gmt":"2013-04-05T20:05:12","guid":{"rendered":"http:\/\/neu2013.torcenter-sachsen.de\/?page_id=873"},"modified":"2015-01-27T08:55:21","modified_gmt":"2015-01-27T06:55:21","slug":"deckensektionaltore","status":"publish","type":"page","link":"https:\/\/www.torcenter-sachsen.de\/?page_id=873","title":{"rendered":"Industrietore &#8211; Industry"},"content":{"rendered":"<p><img loading=\"lazy\" decoding=\"async\" class=\"alignleft size-full wp-image-1098\" src=\"https:\/\/www.torcenter-sachsen.de\/wp-content\/uploads\/2013\/04\/logo_industry.png\" alt=\"logo_industry\" width=\"240\" height=\"198\" \/>Guttomat Industrietore bieten f\u00fcr alle Anspr\u00fcche die optimale L\u00f6sung. Innovative Technik, neueste Materialien und ein ansprechendes Design werden Ihren h\u00f6chsten Anforderungen gerecht. Durch die langj\u00e4hrige Erfahrung und die st\u00e4ndige, intensive Entwicklungsarbeit erhalten Sie beste Qualit\u00e4t bei Ihrem Industrietor.<\/p>\n<p>Verschiedenste Oberfl\u00e4chen und Ausstattungen der Industry-Reihe sind ein Garant f\u00fcr IHRE spezielle Industrietorl\u00f6sung.<\/p>\n<p>Dies beinhaltet verschiedene Varianten der Torumlenkung und mehrere Beschlagsvarianten. Schlupft\u00fcren mit niedriger Bodenschwelle und der <strong>ber\u00fchrungs- und kabellose Schlupft\u00fcr-Kontakt<\/strong> l\u00e4sst nicht nur Kabel verschwinden, sondern auch aufwendige Montagearbeiten. \u00dcberdies ist die \u00dcberwachung der Hauptschlie\u00dfkante des Tores ebenfalls kabellos ausgef\u00fchrt. Das <strong>H\u00f6henausgleichsprofil<\/strong> egalisiert einen Niveauunterschied von bis zu 10mm Schr\u00e4ge in der Torbreite. Die formschl\u00fcssigen Abdeckungen an Stock und Fl\u00fcgel sowie das einstellbare Ausgleichsprofil am Fl\u00fcgel hin zur Schwelle,garantieren ein H\u00f6chstma\u00df an Dichtheit.<\/p>\n<p>Die <strong>Schwellenh\u00f6he von nur 36 mm inklusive Bodendichtung<\/strong> setzt neue Ma\u00dfst\u00e4be.<\/p>\n<p><strong>ngg_shortcode_0_placeholder<\/strong><\/p>\n","protected":false},"excerpt":{"rendered":"<p>Guttomat Industrietore bieten f\u00fcr alle Anspr\u00fcche die optimale L\u00f6sung. Innovative Technik, neueste Materialien und ein ansprechendes Design werden Ihren h\u00f6chsten Anforderungen gerecht. Durch die langj\u00e4hrige Erfahrung und die st\u00e4ndige, intensive Entwicklungsarbeit erhalten Sie beste Qualit\u00e4t bei Ihrem Industrietor. Verschiedenste Oberfl\u00e4chen und Ausstattungen der Industry-Reihe sind ein Garant f\u00fcr IHRE spezielle Industrietorl\u00f6sung. Dies beinhaltet verschiedene Varianten [&hellip;]<\/p>\n","protected":false},"author":1,"featured_media":1020,"parent":0,"menu_order":50,"comment_status":"open","ping_status":"closed","template":"","meta":{"ngg_post_thumbnail":0,"footnotes":""},"class_list":["post-873","page","type-page","status-publish","has-post-thumbnail","hentry"],"_links":{"self":[{"href":"https:\/\/www.torcenter-sachsen.de\/index.php?rest_route=\/wp\/v2\/pages\/873","targetHints":{"allow":["GET"]}}],"collection":[{"href":"https:\/\/www.torcenter-sachsen.de\/index.php?rest_route=\/wp\/v2\/pages"}],"about":[{"href":"https:\/\/www.torcenter-sachsen.de\/index.php?rest_route=\/wp\/v2\/types\/page"}],"author":[{"embeddable":true,"href":"https:\/\/www.torcenter-sachsen.de\/index.php?rest_route=\/wp\/v2\/users\/1"}],"replies":[{"embeddable":true,"href":"https:\/\/www.torcenter-sachsen.de\/index.php?rest_route=%2Fwp%2Fv2%2Fcomments&post=873"}],"version-history":[{"count":13,"href":"https:\/\/www.torcenter-sachsen.de\/index.php?rest_route=\/wp\/v2\/pages\/873\/revisions"}],"predecessor-version":[{"id":1128,"href":"https:\/\/www.torcenter-sachsen.de\/index.php?rest_route=\/wp\/v2\/pages\/873\/revisions\/1128"}],"wp:featuredmedia":[{"embeddable":true,"href":"https:\/\/www.torcenter-sachsen.de\/index.php?rest_route=\/wp\/v2\/media\/1020"}],"wp:attachment":[{"href":"https:\/\/www.torcenter-sachsen.de\/index.php?rest_route=%2Fwp%2Fv2%2Fmedia&parent=873"}],"curies":[{"name":"wp","href":"https:\/\/api.w.org\/{rel}","templated":true}]}}