{"id":875,"date":"2013-04-05T22:05:48","date_gmt":"2013-04-05T20:05:48","guid":{"rendered":"http:\/\/neu2013.torcenter-sachsen.de\/?page_id=875"},"modified":"2015-01-27T08:55:47","modified_gmt":"2015-01-27T06:55:47","slug":"torantriebe","status":"publish","type":"page","link":"https:\/\/www.torcenter-sachsen.de\/?page_id=875","title":{"rendered":"Torantriebe &#8211; Marantec"},"content":{"rendered":"<p><img loading=\"lazy\" decoding=\"async\" class=\"alignleft size-full wp-image-1112\" src=\"https:\/\/www.torcenter-sachsen.de\/wp-content\/uploads\/2013\/04\/marantec.png\" alt=\"marantec\" width=\"240\" height=\"73\" \/>Neue Marantec Garagentorantriebe. So sch\u00f6n k\u00f6nnen Schnelligkeit, St\u00e4rke und Energieeffizienz sein.<\/p>\n<p>F\u00fcr die zuk\u00fcnftigen Anforderungen im Markt der Garagentorantriebe hat Marantec Bew\u00e4hrtes mit Innovationen kombiniert und mit Comfort 260, 270 und 280 sowie Comfort 360, 370 und 380 zwei eigenst\u00e4ndige und dennoch verwandte Antriebslinien entwickelt.<br \/>\nAlle Garagentorantriebe sind mit dem neuen, einheitlichen EOS vollkommen intuitiv programmierbar. Sie werden mit energiesparenden und extrem langlebigen LEDs beleuchtet, auf Wunsch l\u00e4sst sich die Lichtleistung sogar verdoppeln. F\u00fcr einen optimalen Einbau sind die Antriebe um jeweils 90\u00b0 zu beiden Seiten drehbar. Zur Absicherung gegen Stromausf\u00e4lle l\u00e4sst sich ein Battery Backup anschlie\u00dfen, bei der Comfort 3-Serie sogar in das Antriebsgeh\u00e4use integrieren. \u00dcber ein integriertes BUS-System lassen sich die Antriebe mittels Plug&amp;Play ganz einfach um weitere Funktionen erweitern. Alle neuen Garagentorantriebssysteme sind deutlich schneller und kraftvoller geworden, ohne aber die Sicherheitsaspekte zu vernachl\u00e4ssigen. Neben der speed-Schnelllauffunktion, die Tore mit bis zu 235 mm\/Sek. bewegt, ist sie mit der ausgezeichneten und patentierten blueline-Technologie ausgestattet, die den Verbrauch im Stand-by-Betrieb auf weniger ein Minimum reduziert.<\/p>\n<p><strong>ngg_shortcode_0_placeholder<\/strong><\/p>\n","protected":false},"excerpt":{"rendered":"<p>Neue Marantec Garagentorantriebe. So sch\u00f6n k\u00f6nnen Schnelligkeit, St\u00e4rke und Energieeffizienz sein. F\u00fcr die zuk\u00fcnftigen Anforderungen im Markt der Garagentorantriebe hat Marantec Bew\u00e4hrtes mit Innovationen kombiniert und mit Comfort 260, 270 und 280 sowie Comfort 360, 370 und 380 zwei eigenst\u00e4ndige und dennoch verwandte Antriebslinien entwickelt. Alle Garagentorantriebe sind mit dem neuen, einheitlichen EOS vollkommen intuitiv [&hellip;]<\/p>\n","protected":false},"author":1,"featured_media":1021,"parent":0,"menu_order":60,"comment_status":"open","ping_status":"closed","template":"","meta":{"ngg_post_thumbnail":0,"footnotes":""},"class_list":["post-875","page","type-page","status-publish","has-post-thumbnail","hentry"],"_links":{"self":[{"href":"https:\/\/www.torcenter-sachsen.de\/index.php?rest_route=\/wp\/v2\/pages\/875","targetHints":{"allow":["GET"]}}],"collection":[{"href":"https:\/\/www.torcenter-sachsen.de\/index.php?rest_route=\/wp\/v2\/pages"}],"about":[{"href":"https:\/\/www.torcenter-sachsen.de\/index.php?rest_route=\/wp\/v2\/types\/page"}],"author":[{"embeddable":true,"href":"https:\/\/www.torcenter-sachsen.de\/index.php?rest_route=\/wp\/v2\/users\/1"}],"replies":[{"embeddable":true,"href":"https:\/\/www.torcenter-sachsen.de\/index.php?rest_route=%2Fwp%2Fv2%2Fcomments&post=875"}],"version-history":[{"count":15,"href":"https:\/\/www.torcenter-sachsen.de\/index.php?rest_route=\/wp\/v2\/pages\/875\/revisions"}],"predecessor-version":[{"id":1129,"href":"https:\/\/www.torcenter-sachsen.de\/index.php?rest_route=\/wp\/v2\/pages\/875\/revisions\/1129"}],"wp:featuredmedia":[{"embeddable":true,"href":"https:\/\/www.torcenter-sachsen.de\/index.php?rest_route=\/wp\/v2\/media\/1021"}],"wp:attachment":[{"href":"https:\/\/www.torcenter-sachsen.de\/index.php?rest_route=%2Fwp%2Fv2%2Fmedia&parent=875"}],"curies":[{"name":"wp","href":"https:\/\/api.w.org\/{rel}","templated":true}]}}