{"id":883,"date":"2013-04-05T22:08:09","date_gmt":"2013-04-05T20:08:09","guid":{"rendered":"http:\/\/neu2013.torcenter-sachsen.de\/?page_id=883"},"modified":"2013-06-01T13:59:11","modified_gmt":"2013-06-01T11:59:11","slug":"download","status":"publish","type":"page","link":"https:\/\/www.torcenter-sachsen.de\/?page_id=883","title":{"rendered":"Download"},"content":{"rendered":"<p><strong>Hier k\u00f6nnen Sie Aufma\u00dfbl\u00e4tter, Montage- und Bedienungsanleitungen etc. herunterladen<\/strong><\/p>\n<p>&nbsp;<\/p>\n\n<table id=\"tablepress-1\" class=\"tablepress tablepress-id-1 tbody-has-connected-cells\">\n<tbody>\n<tr class=\"row-1\">\n\t<td colspan=\"3\" class=\"column-1\">Aufma\u00dfbl\u00e4tter (zum Ausdrucken und Ausf\u00fcllen)<\/td>\n<\/tr>\n<tr class=\"row-2\">\n\t<td class=\"column-1\"><\/td><td class=\"column-2\"><img loading=\"lazy\" decoding=\"async\" src=\"http:\/\/www.torcenter-sachsen.de\/wp-content\/uploads\/2013\/06\/icon_dok.png\" alt=\"\" width=\"12\" height=\"16\" valing=\"bottom\" class=\"alignright size-full wp-image-993\" \/><\/td><td class=\"column-3\">[ddownload id=\"1134\"]<\/td>\n<\/tr>\n<\/tbody>\n<\/table>\n\n<p>&nbsp;<\/p>\n","protected":false},"excerpt":{"rendered":"<p>Hier k\u00f6nnen Sie Aufma\u00dfbl\u00e4tter, Montage- und Bedienungsanleitungen etc. herunterladen &nbsp; &nbsp;<\/p>\n","protected":false},"author":1,"featured_media":0,"parent":0,"menu_order":90,"comment_status":"open","ping_status":"closed","template":"","meta":{"ngg_post_thumbnail":0,"footnotes":""},"class_list":["post-883","page","type-page","status-publish","hentry"],"_links":{"self":[{"href":"https:\/\/www.torcenter-sachsen.de\/index.php?rest_route=\/wp\/v2\/pages\/883","targetHints":{"allow":["GET"]}}],"collection":[{"href":"https:\/\/www.torcenter-sachsen.de\/index.php?rest_route=\/wp\/v2\/pages"}],"about":[{"href":"https:\/\/www.torcenter-sachsen.de\/index.php?rest_route=\/wp\/v2\/types\/page"}],"author":[{"embeddable":true,"href":"https:\/\/www.torcenter-sachsen.de\/index.php?rest_route=\/wp\/v2\/users\/1"}],"replies":[{"embeddable":true,"href":"https:\/\/www.torcenter-sachsen.de\/index.php?rest_route=%2Fwp%2Fv2%2Fcomments&post=883"}],"version-history":[{"count":9,"href":"https:\/\/www.torcenter-sachsen.de\/index.php?rest_route=\/wp\/v2\/pages\/883\/revisions"}],"predecessor-version":[{"id":967,"href":"https:\/\/www.torcenter-sachsen.de\/index.php?rest_route=\/wp\/v2\/pages\/883\/revisions\/967"}],"wp:attachment":[{"href":"https:\/\/www.torcenter-sachsen.de\/index.php?rest_route=%2Fwp%2Fv2%2Fmedia&parent=883"}],"curies":[{"name":"wp","href":"https:\/\/api.w.org\/{rel}","templated":true}]}}